{"id":45,"date":"2025-10-18T20:16:52","date_gmt":"2025-10-18T20:16:52","guid":{"rendered":"http:\/\/amdkzhn.cluster100.hosting.ovh.net\/?page_id=45"},"modified":"2025-10-19T20:33:12","modified_gmt":"2025-10-19T20:33:12","slug":"foire-au-materiel-photo-et-cinema","status":"publish","type":"page","link":"https:\/\/clicclacclub.org\/index.php\/foire-au-materiel-photo-et-cinema\/","title":{"rendered":"Foire au mat\u00e9riel Photo et\u00a0Cin\u00e9ma"},"content":{"rendered":"\t\t<div data-elementor-type=\"wp-page\" data-elementor-id=\"45\" class=\"elementor elementor-45\">\n\t\t\t\t<div class=\"elementor-element elementor-element-dc57a03 e-flex e-con-boxed wpr-particle-no wpr-jarallax-no wpr-parallax-no wpr-sticky-section-no e-con e-parent\" data-id=\"dc57a03\" data-element_type=\"container\">\n\t\t\t\t\t<div class=\"e-con-inner\">\n\t\t\t\t<div class=\"elementor-element elementor-element-185092c elementor-widget elementor-widget-heading\" data-id=\"185092c\" data-element_type=\"widget\" data-widget_type=\"heading.default\">\n\t\t\t\t\t<h2 class=\"elementor-heading-title elementor-size-default\">Foire au mat\u00e9riel Photo et Cin\u00e9ma<\/h2>\t\t\t\t<\/div>\n\t\t\t\t<div class=\"elementor-element elementor-element-01a450d elementor-widget elementor-widget-text-editor\" data-id=\"01a450d\" data-element_type=\"widget\" data-widget_type=\"text-editor.default\">\n\t\t\t\t\t\t\t\t\t<h2 class=\"wp-block-heading\"><strong>Octobre 2025<\/strong> : 25\u00e9me \u00e9dition de notre foire au mat\u00e9riel photo et Cin\u00e9ma<\/h2>\t\t\t\t\t\t\t\t<\/div>\n\t\t\t\t<div class=\"elementor-element elementor-element-6d104ab elementor-widget elementor-widget-text-editor\" data-id=\"6d104ab\" data-element_type=\"widget\" data-widget_type=\"text-editor.default\">\n\t\t\t\t\t\t\t\t\t<p><strong>Pour f\u00eater cet anniversaire, nous proposons un programme festif et culturel autour de la photographie<\/strong> \u00e0 Cormontreuil (51350)<\/p>\t\t\t\t\t\t\t\t<\/div>\n\t\t\t\t\t<\/div>\n\t\t\t\t<\/div>\n\t\t<div class=\"elementor-element elementor-element-81ee8fa e-flex e-con-boxed wpr-particle-no wpr-jarallax-no wpr-parallax-no wpr-sticky-section-no e-con e-parent\" data-id=\"81ee8fa\" data-element_type=\"container\">\n\t\t\t\t\t<div class=\"e-con-inner\">\n\t\t\t\t<div class=\"elementor-element elementor-element-79b99f3 elementor-arrows-position-inside elementor-pagination-position-outside elementor-widget elementor-widget-image-carousel\" data-id=\"79b99f3\" data-element_type=\"widget\" data-settings=\"{&quot;navigation&quot;:&quot;both&quot;,&quot;autoplay&quot;:&quot;yes&quot;,&quot;pause_on_hover&quot;:&quot;yes&quot;,&quot;pause_on_interaction&quot;:&quot;yes&quot;,&quot;autoplay_speed&quot;:5000,&quot;infinite&quot;:&quot;yes&quot;,&quot;speed&quot;:500}\" data-widget_type=\"image-carousel.default\">\n\t\t\t\t\t\t\t<div class=\"elementor-image-carousel-wrapper swiper\" role=\"region\" aria-roledescription=\"carousel\" aria-label=\"Image Carousel\" dir=\"ltr\">\n\t\t\t<div class=\"elementor-image-carousel swiper-wrapper\" aria-live=\"off\">\n\t\t\t\t\t\t\t\t<div class=\"swiper-slide\" role=\"group\" aria-roledescription=\"slide\" aria-label=\"1 of 5\"><figure class=\"swiper-slide-inner\"><img decoding=\"async\" class=\"swiper-slide-image\" src=\"https:\/\/clicclacclub.org\/wp-content\/uploads\/2025\/10\/programme-FOIRE-2025-01-scaled.jpg\" alt=\"programme FOIRE 2025-01\" \/><\/figure><\/div><div class=\"swiper-slide\" role=\"group\" aria-roledescription=\"slide\" aria-label=\"2 of 5\"><figure class=\"swiper-slide-inner\"><img decoding=\"async\" class=\"swiper-slide-image\" src=\"https:\/\/clicclacclub.org\/wp-content\/uploads\/2025\/10\/programme-FOIRE-2025-04-scaled.jpg\" alt=\"programme FOIRE 2025-04\" \/><\/figure><\/div><div class=\"swiper-slide\" role=\"group\" aria-roledescription=\"slide\" aria-label=\"3 of 5\"><figure class=\"swiper-slide-inner\"><img decoding=\"async\" class=\"swiper-slide-image\" src=\"https:\/\/clicclacclub.org\/wp-content\/uploads\/2025\/10\/programme-FOIRE-2025-05-scaled.jpg\" alt=\"programme FOIRE 2025-05\" \/><\/figure><\/div><div class=\"swiper-slide\" role=\"group\" aria-roledescription=\"slide\" aria-label=\"4 of 5\"><figure class=\"swiper-slide-inner\"><img decoding=\"async\" class=\"swiper-slide-image\" src=\"https:\/\/clicclacclub.org\/wp-content\/uploads\/2025\/10\/programme-FOIRE-2025-06-scaled.jpg\" alt=\"programme FOIRE 2025-06\" \/><\/figure><\/div><div class=\"swiper-slide\" role=\"group\" aria-roledescription=\"slide\" aria-label=\"5 of 5\"><figure class=\"swiper-slide-inner\"><img decoding=\"async\" class=\"swiper-slide-image\" src=\"https:\/\/clicclacclub.org\/wp-content\/uploads\/2025\/10\/programme-FOIRE-2025-07-scaled.jpg\" alt=\"programme FOIRE 2025-07\" \/><\/figure><\/div>\t\t\t<\/div>\n\t\t\t\t\t\t\t\t\t\t\t\t<div class=\"elementor-swiper-button elementor-swiper-button-prev\" role=\"button\" tabindex=\"0\">\n\t\t\t\t\t\t<svg aria-hidden=\"true\" class=\"e-font-icon-svg e-eicon-chevron-left\" viewBox=\"0 0 1000 1000\" xmlns=\"http:\/\/www.w3.org\/2000\/svg\"><path d=\"M646 125C629 125 613 133 604 142L308 442C296 454 292 471 292 487 292 504 296 521 308 533L604 854C617 867 629 875 646 875 663 875 679 871 692 858 704 846 713 829 713 812 713 796 708 779 692 767L438 487 692 225C700 217 708 204 708 187 708 171 704 154 692 142 675 129 663 125 646 125Z\"><\/path><\/svg>\t\t\t\t\t<\/div>\n\t\t\t\t\t<div class=\"elementor-swiper-button elementor-swiper-button-next\" role=\"button\" tabindex=\"0\">\n\t\t\t\t\t\t<svg aria-hidden=\"true\" class=\"e-font-icon-svg e-eicon-chevron-right\" viewBox=\"0 0 1000 1000\" xmlns=\"http:\/\/www.w3.org\/2000\/svg\"><path d=\"M696 533C708 521 713 504 713 487 713 471 708 454 696 446L400 146C388 133 375 125 354 125 338 125 325 129 313 142 300 154 292 171 292 187 292 204 296 221 308 233L563 492 304 771C292 783 288 800 288 817 288 833 296 850 308 863 321 871 338 875 354 875 371 875 388 867 400 854L696 533Z\"><\/path><\/svg>\t\t\t\t\t<\/div>\n\t\t\t\t\n\t\t\t\t\t\t\t\t\t<div class=\"swiper-pagination\"><\/div>\n\t\t\t\t\t\t\t\t\t<\/div>\n\t\t\t\t\t\t<\/div>\n\t\t\t\t\t<\/div>\n\t\t\t\t<\/div>\n\t\t<div class=\"elementor-element elementor-element-5cca9a3 e-flex e-con-boxed wpr-particle-no wpr-jarallax-no wpr-parallax-no wpr-sticky-section-no e-con e-parent\" data-id=\"5cca9a3\" data-element_type=\"container\">\n\t\t\t\t\t<div class=\"e-con-inner\">\n\t\t\t\t<div class=\"elementor-element elementor-element-000a6c9 elementor-widget elementor-widget-heading\" data-id=\"000a6c9\" data-element_type=\"widget\" data-widget_type=\"heading.default\">\n\t\t\t\t\t<h2 class=\"elementor-heading-title elementor-size-default\">Jeudi 23 Octobre :<\/h2>\t\t\t\t<\/div>\n\t\t\t\t<div class=\"elementor-element elementor-element-e81a19c elementor-widget elementor-widget-text-editor\" data-id=\"e81a19c\" data-element_type=\"widget\" data-widget_type=\"text-editor.default\">\n\t\t\t\t\t\t\t\t\t<p>Soir\u00e9e d\u2019ouverture \u00e0 la salle Le Lavoir. Projection du film \u00ab\u00a0A la recherche de Vivian Maier\u00a0\u00bb, suivie d\u2019une rencontre-\u00e9changes avec le public. En partenariat avec Cin\u00e9ligue Champagne-Ardenne. 7\/4 euros.<\/p>\t\t\t\t\t\t\t\t<\/div>\n\t\t\t\t\t<\/div>\n\t\t\t\t<\/div>\n\t\t<div class=\"elementor-element elementor-element-76264b3 e-flex e-con-boxed wpr-particle-no wpr-jarallax-no wpr-parallax-no wpr-sticky-section-no e-con e-parent\" data-id=\"76264b3\" data-element_type=\"container\">\n\t\t\t\t\t<div class=\"e-con-inner\">\n\t\t\t\t<div class=\"elementor-element elementor-element-189149f elementor-widget elementor-widget-heading\" data-id=\"189149f\" data-element_type=\"widget\" data-widget_type=\"heading.default\">\n\t\t\t\t\t<h2 class=\"elementor-heading-title elementor-size-default\">Dimanche 26 octobre <\/h2>\t\t\t\t<\/div>\n\t\t\t\t<div class=\"elementor-element elementor-element-d37402f elementor-widget elementor-widget-text-editor\" data-id=\"d37402f\" data-element_type=\"widget\" data-widget_type=\"text-editor.default\">\n\t\t\t\t\t\t\t\t\t<p><em>Venez rejoindre notre <strong>Bistrot Photo<\/strong> toute la journ\u00e9e, Food truck sur place de 11h \u00e0 15h.<\/em><\/p>\t\t\t\t\t\t\t\t<\/div>\n\t\t\t\t<div class=\"elementor-element elementor-element-7920c11 elementor-widget elementor-widget-text-editor\" data-id=\"7920c11\" data-element_type=\"widget\" data-widget_type=\"text-editor.default\">\n\t\t\t\t\t\t\t\t\t<p><strong>Salle polyvalente de Cormontreuil, Boulevard d\u2019Alsace-Lorraine.<\/strong><\/p><ul><li><strong>8h-17h : Foire au mat\u00e9riel Photo et cin\u00e9ma<\/strong>. Ventes, achats, \u00e9changes avec nos amis <strong>exposants professionnels<\/strong>. Estimation gratuite sur place. Du petit appareil vintage pour votre d\u00e9co, au mat\u00e9riel pour collectionneur averti ! Entr\u00e9e libre.<\/li><\/ul><ul class=\"wp-block-list\"><li><strong>Obscuravane, Irwin Leullier<\/strong> : A la fois un appareil photo g\u00e9ant et un laboratoire mobile, l\u2019obscuravane est une curiosit\u00e9 \u00e0 voir absolument (et en famille !). Participation libre \u00e0 partir de 3 euros au profit du club.<\/li><li><strong>14h. Conf\u00e9rence-Rencontre<\/strong> \u00ab\u00a0La photographie argentique\u00a0\u00bb avec Gildas Lepetit-Castel. Il partagera avec nous sa d\u00e9marche d\u2019auteur photographe.<\/li><li><strong>Lecture de portfolio<\/strong> avec Laetitia Guillemin, sur inscription pr\u00e9alable. Participation libre \u00e0 partir de 8 euros au profit du Clic Clac Club. Dur\u00e9e des lectures 20-30 minutes. R\u00e9servez votre cr\u00e9neau horaire en ligne : <a href=\"https:\/\/www.billetweb.fr\/reservation-portfolio\">https:\/\/www.billetweb.fr\/reservation-portfolio<\/a><\/li><\/ul>\t\t\t\t\t\t\t\t<\/div>\n\t\t\t\t<div class=\"elementor-element elementor-element-44f7d83 elementor-widget elementor-widget-heading\" data-id=\"44f7d83\" data-element_type=\"widget\" data-widget_type=\"heading.default\">\n\t\t\t\t\t<h2 class=\"elementor-heading-title elementor-size-default\">Add Your Heading Text Here<\/h2>\t\t\t\t<\/div>\n\t\t\t\t\t<\/div>\n\t\t\t\t<\/div>\n\t\t\t\t<\/div>\n\t\t","protected":false},"excerpt":{"rendered":"<p>Foire au mat\u00e9riel Photo et Cin\u00e9ma Octobre 2025 : 25\u00e9me \u00e9dition de notre foire au mat\u00e9riel photo et Cin\u00e9ma Pour f\u00eater cet anniversaire, nous proposons un programme festif et culturel autour de la photographie \u00e0 Cormontreuil (51350) Jeudi 23 Octobre : Soir\u00e9e d\u2019ouverture \u00e0 la salle Le Lavoir. Projection du film \u00ab\u00a0A la recherche de Vivian Maier\u00a0\u00bb, suivie d\u2019une rencontre-\u00e9changes avec le public. En partenariat avec Cin\u00e9ligue Champagne-Ardenne. 7\/4 euros. Dimanche 26 octobre Venez rejoindre notre Bistrot Photo toute la journ\u00e9e, Food truck sur place de 11h \u00e0 15h. Salle polyvalente de Cormontreuil, Boulevard d\u2019Alsace-Lorraine. 8h-17h : Foire au mat\u00e9riel Photo et cin\u00e9ma. Ventes, achats, \u00e9changes avec nos amis exposants professionnels. Estimation gratuite sur place. Du petit appareil vintage pour votre d\u00e9co, au mat\u00e9riel pour collectionneur averti ! Entr\u00e9e libre. Obscuravane, Irwin Leullier : A la fois un appareil photo g\u00e9ant et un laboratoire mobile, l\u2019obscuravane est une curiosit\u00e9 \u00e0 voir absolument (et en famille !). Participation libre \u00e0 partir de 3 euros au profit du club. 14h. Conf\u00e9rence-Rencontre \u00ab\u00a0La photographie argentique\u00a0\u00bb avec Gildas Lepetit-Castel. Il partagera avec nous sa d\u00e9marche d\u2019auteur photographe. Lecture de portfolio avec Laetitia Guillemin, sur inscription pr\u00e9alable. Participation libre \u00e0 partir de 8 euros au profit du Clic Clac Club. Dur\u00e9e des lectures 20-30 minutes. R\u00e9servez votre cr\u00e9neau horaire en ligne : https:\/\/www.billetweb.fr\/reservation-portfolio Add Your Heading Text Here<\/p>\n","protected":false},"author":1,"featured_media":0,"parent":0,"menu_order":0,"comment_status":"closed","ping_status":"closed","template":"","meta":{"site-sidebar-layout":"no-sidebar","site-content-layout":"","ast-site-content-layout":"full-width-container","site-content-style":"default","site-sidebar-style":"default","ast-global-header-display":"","ast-banner-title-visibility":"","ast-main-header-display":"","ast-hfb-above-header-display":"","ast-hfb-below-header-display":"","ast-hfb-mobile-header-display":"","site-post-title":"disabled","ast-breadcrumbs-content":"","ast-featured-img":"disabled","footer-sml-layout":"","theme-transparent-header-meta":"","adv-header-id-meta":"","stick-header-meta":"","header-above-stick-meta":"","header-main-stick-meta":"","header-below-stick-meta":"","astra-migrate-meta-layouts":"default","ast-page-background-enabled":"default","ast-page-background-meta":{"desktop":{"background-color":"var(--ast-global-color-5)","background-image":"","background-repeat":"repeat","background-position":"center center","background-size":"auto","background-attachment":"scroll","background-type":"","background-media":"","overlay-type":"","overlay-color":"","overlay-opacity":"","overlay-gradient":""},"tablet":{"background-color":"","background-image":"","background-repeat":"repeat","background-position":"center center","background-size":"auto","background-attachment":"scroll","background-type":"","background-media":"","overlay-type":"","overlay-color":"","overlay-opacity":"","overlay-gradient":""},"mobile":{"background-color":"","background-image":"","background-repeat":"repeat","background-position":"center center","background-size":"auto","background-attachment":"scroll","background-type":"","background-media":"","overlay-type":"","overlay-color":"","overlay-opacity":"","overlay-gradient":""}},"ast-content-background-meta":{"desktop":{"background-color":"var(--ast-global-color-4)","background-image":"","background-repeat":"repeat","background-position":"center center","background-size":"auto","background-attachment":"scroll","background-type":"","background-media":"","overlay-type":"","overlay-color":"","overlay-opacity":"","overlay-gradient":""},"tablet":{"background-color":"var(--ast-global-color-4)","background-image":"","background-repeat":"repeat","background-position":"center center","background-size":"auto","background-attachment":"scroll","background-type":"","background-media":"","overlay-type":"","overlay-color":"","overlay-opacity":"","overlay-gradient":""},"mobile":{"background-color":"var(--ast-global-color-4)","background-image":"","background-repeat":"repeat","background-position":"center center","background-size":"auto","background-attachment":"scroll","background-type":"","background-media":"","overlay-type":"","overlay-color":"","overlay-opacity":"","overlay-gradient":""}},"footnotes":""},"class_list":["post-45","page","type-page","status-publish","hentry"],"_links":{"self":[{"href":"https:\/\/clicclacclub.org\/index.php\/wp-json\/wp\/v2\/pages\/45","targetHints":{"allow":["GET"]}}],"collection":[{"href":"https:\/\/clicclacclub.org\/index.php\/wp-json\/wp\/v2\/pages"}],"about":[{"href":"https:\/\/clicclacclub.org\/index.php\/wp-json\/wp\/v2\/types\/page"}],"author":[{"embeddable":true,"href":"https:\/\/clicclacclub.org\/index.php\/wp-json\/wp\/v2\/users\/1"}],"replies":[{"embeddable":true,"href":"https:\/\/clicclacclub.org\/index.php\/wp-json\/wp\/v2\/comments?post=45"}],"version-history":[{"count":10,"href":"https:\/\/clicclacclub.org\/index.php\/wp-json\/wp\/v2\/pages\/45\/revisions"}],"predecessor-version":[{"id":78,"href":"https:\/\/clicclacclub.org\/index.php\/wp-json\/wp\/v2\/pages\/45\/revisions\/78"}],"wp:attachment":[{"href":"https:\/\/clicclacclub.org\/index.php\/wp-json\/wp\/v2\/media?parent=45"}],"curies":[{"name":"wp","href":"https:\/\/api.w.org\/{rel}","templated":true}]}}